{"id":6,"date":"2016-09-11T19:55:31","date_gmt":"2016-09-11T17:55:31","guid":{"rendered":"http:\/\/thesoleandthesky.com\/en\/?page_id=6"},"modified":"2021-11-18T21:48:02","modified_gmt":"2021-11-18T20:48:02","slug":"contact","status":"publish","type":"page","link":"http:\/\/thesoleandthesky.com\/en\/contact\/","title":{"rendered":"Contact &#038; Booking"},"content":{"rendered":"<p style=\"text-align: center;\"><style type=\"text\/css\">.easingslider-97 { max-width: 800px; }.easingslider-97 .easingslider-image { max-height: 350px; max-width: 800px; }.easingslider-97 .easingslider-fade-in, .easingslider-fade-out { -webkit-animation-duration: 1000ms; -moz-animation-duration: 1000ms; animation-duration: 1000ms; }<\/style><script type=\"text\/javascript\">window.EasingSlider97 = {\"width\":800,\"height\":350,\"singleItem\":true,\"items\":1,\"itemsDesktop\":false,\"itemsDesktopSmall\":false,\"itemsTablet\":false,\"itemsTabletSmall\":false,\"itemsMobile\":false,\"responsive\":true,\"lazyLoad\":true,\"autoPlay\":4000,\"slideSpeed\":1000,\"navigation\":false,\"navigationText\":[\"\",\"\"],\"pagination\":false,\"autoHeight\":false,\"mouseDrag\":false,\"touchDrag\":false,\"addClassActive\":true,\"transitionStyle\":\"fade\"};<\/script><div data-id=\"97\" class=\"easingslider easingslider-97 easingslider-container easingslider-resizing-enabled easingslider-aspect-ratio\"><div class=\"easingslider-slide\"><img src=\"http:\/\/thesoleandthesky.com\/en\/wp-content\/plugins\/easing-slider\/assets\/images\/placeholder-pixel.png\" data-src=\"http:\/\/thesoleandthesky.com\/en\/wp-content\/uploads\/2016\/09\/image17-800x350.jpeg\" alt=\"\" title=\"\" class=\"easingslider-image easingslider-lazy\" \/><\/div><div class=\"easingslider-slide\"><img src=\"http:\/\/thesoleandthesky.com\/en\/wp-content\/plugins\/easing-slider\/assets\/images\/placeholder-pixel.png\" data-src=\"http:\/\/thesoleandthesky.com\/en\/wp-content\/uploads\/2016\/09\/image18-800x350.jpeg\" alt=\"\" title=\"\" class=\"easingslider-image easingslider-lazy\" \/><\/div><div class=\"easingslider-slide\"><img src=\"http:\/\/thesoleandthesky.com\/en\/wp-content\/plugins\/easing-slider\/assets\/images\/placeholder-pixel.png\" data-src=\"http:\/\/thesoleandthesky.com\/en\/wp-content\/uploads\/2016\/09\/Amitie-faut-il-tout-se-dire_imagePanoramique647_286-800x350.jpg\" alt=\"\" title=\"\" class=\"easingslider-image easingslider-lazy\" \/><\/div><\/div><\/p>\n<blockquote>\n<h3 style=\"text-align: left;\">\u00ab\u00a0Nio far\u00a0\u00bb<\/h3>\n<p style=\"text-align: right;\"><em>Senegalese proverb\u00a0(\u00ab\u00a0We are together\u00a0\u00bb in\u00a0Wolof).<\/em><\/p>\n<\/blockquote>\n<p><strong><br \/>\n<em><br \/>\n<img loading=\"lazy\" class=\"alignright wp-image-84\" src=\"http:\/\/thesoleandthesky.com\/en\/wp-content\/uploads\/2016\/09\/image19.jpeg\" alt=\"image19\" width=\"300\" height=\"400\" srcset=\"http:\/\/thesoleandthesky.com\/en\/wp-content\/uploads\/2016\/09\/image19.jpeg 540w, http:\/\/thesoleandthesky.com\/en\/wp-content\/uploads\/2016\/09\/image19-225x300.jpeg 225w, http:\/\/thesoleandthesky.com\/en\/wp-content\/uploads\/2016\/09\/image19-395x527.jpeg 395w\" sizes=\"(max-width: 300px) 100vw, 300px\" \/>Pierre-Micha\u00ebl Ittah<\/em><\/strong><br \/>\n<strong><em>Certified Reflexologist<\/em><\/strong><\/p>\n<p>Omnysens<\/p>\n<p>R\u00e9sidence Excellence<\/p>\n<p>Place de l&rsquo;Ind\u00e9pendance<\/p>\n<p>Dakar-Plateau<\/p>\n<p>Phone: (+221) 77 693 47 65<\/p>\n<p>Email: contact@thesoleandthesky.com<\/p>\n<p><span style=\"color: #000000;\"><strong>Sessions from Monday to Saturday, by appointment, at the office or at home.<\/strong><\/span><\/p>\n<p><a href=\"https:\/\/www.facebook.com\/thesoleandthesky\/\" target=\"_blank\" rel=\"noopener\"><img loading=\"lazy\" class=\"alignnone size-full wp-image-118\" src=\"http:\/\/thesoleandthesky.com\/en\/wp-content\/uploads\/2016\/09\/fblogo.png\" alt=\"fblogo\" width=\"100\" height=\"100\" \/><\/a><\/p>\n<blockquote>\n<h4><strong><span style=\"color: #7ea57b;\">To book a session, contact me<\/span><\/strong><\/h4>\n<\/blockquote>\n<p><div role=\"form\" class=\"wpcf7\" id=\"wpcf7-f4-o1\" lang=\"fr-FR\" dir=\"ltr\">\n<div class=\"screen-reader-response\"><\/div>\n<form action=\"\/en\/wp-json\/wp\/v2\/pages\/6#wpcf7-f4-o1\" method=\"post\" class=\"wpcf7-form\" novalidate=\"novalidate\">\n<div style=\"display: none;\">\n<input type=\"hidden\" name=\"_wpcf7\" value=\"4\" \/>\n<input type=\"hidden\" name=\"_wpcf7_version\" value=\"4.5\" \/>\n<input type=\"hidden\" name=\"_wpcf7_locale\" value=\"fr_FR\" \/>\n<input type=\"hidden\" name=\"_wpcf7_unit_tag\" value=\"wpcf7-f4-o1\" \/>\n<input type=\"hidden\" name=\"_wpnonce\" value=\"498a2f0456\" \/>\n<\/div>\n<p><label> Your Name*<br \/>\n    <span class=\"wpcf7-form-control-wrap your-name\"><input type=\"text\" name=\"your-name\" value=\"\" size=\"40\" class=\"wpcf7-form-control wpcf7-text wpcf7-validates-as-required\" aria-required=\"true\" aria-invalid=\"false\" \/><\/span> <\/label><\/p>\n<p><label> Your Email*<br \/>\n    <span class=\"wpcf7-form-control-wrap your-email\"><input type=\"email\" name=\"your-email\" value=\"\" size=\"40\" class=\"wpcf7-form-control wpcf7-text wpcf7-email wpcf7-validates-as-required wpcf7-validates-as-email\" aria-required=\"true\" aria-invalid=\"false\" \/><\/span> <\/label><\/p>\n<p><label> Subject<br \/>\n    <span class=\"wpcf7-form-control-wrap your-subject\"><input type=\"text\" name=\"your-subject\" value=\"\" size=\"40\" class=\"wpcf7-form-control wpcf7-text\" aria-invalid=\"false\" \/><\/span> <\/label><\/p>\n<p><label> Your Message*<br \/>\n    <span class=\"wpcf7-form-control-wrap your-message\"><textarea name=\"your-message\" cols=\"40\" rows=\"10\" class=\"wpcf7-form-control wpcf7-textarea\" aria-invalid=\"false\"><\/textarea><\/span> <\/label><\/p>\n<p><input type=\"submit\" value=\"Send\" class=\"wpcf7-form-control wpcf7-submit\" \/><\/p>\n<div class=\"wpcf7-response-output wpcf7-display-none\"><\/div><\/form><\/div><br \/>\n<em>*Required field<\/em><\/p>\n","protected":false},"excerpt":{"rendered":"<p>\u00ab\u00a0Nio far\u00a0\u00bb Senegalese proverb\u00a0(\u00ab\u00a0We are together\u00a0\u00bb in\u00a0Wolof). Pierre-Micha\u00ebl Ittah Certified Reflexologist Omnysens R\u00e9sidence Excellence Place de l&rsquo;Ind\u00e9pendance Dakar-Plateau Phone: (+221) 77 693 47 65 Email: contact@thesoleandthesky.com Sessions from Monday to Saturday, by appointment, at the office or at home. To book a session, contact me *Required field<\/p>\n","protected":false},"author":1,"featured_media":0,"parent":0,"menu_order":0,"comment_status":"closed","ping_status":"closed","template":"","meta":[],"_links":{"self":[{"href":"http:\/\/thesoleandthesky.com\/en\/wp-json\/wp\/v2\/pages\/6"}],"collection":[{"href":"http:\/\/thesoleandthesky.com\/en\/wp-json\/wp\/v2\/pages"}],"about":[{"href":"http:\/\/thesoleandthesky.com\/en\/wp-json\/wp\/v2\/types\/page"}],"author":[{"embeddable":true,"href":"http:\/\/thesoleandthesky.com\/en\/wp-json\/wp\/v2\/users\/1"}],"replies":[{"embeddable":true,"href":"http:\/\/thesoleandthesky.com\/en\/wp-json\/wp\/v2\/comments?post=6"}],"version-history":[{"count":13,"href":"http:\/\/thesoleandthesky.com\/en\/wp-json\/wp\/v2\/pages\/6\/revisions"}],"predecessor-version":[{"id":281,"href":"http:\/\/thesoleandthesky.com\/en\/wp-json\/wp\/v2\/pages\/6\/revisions\/281"}],"wp:attachment":[{"href":"http:\/\/thesoleandthesky.com\/en\/wp-json\/wp\/v2\/media?parent=6"}],"curies":[{"name":"wp","href":"https:\/\/api.w.org\/{rel}","templated":true}]}}