{"id":14,"date":"2016-09-24T12:22:18","date_gmt":"2016-09-24T10:22:18","guid":{"rendered":"http:\/\/thesoleandthesky.com\/en\/?page_id=14"},"modified":"2021-11-18T22:08:23","modified_gmt":"2021-11-18T21:08:23","slug":"who-am-i","status":"publish","type":"page","link":"http:\/\/thesoleandthesky.com\/en\/who-am-i\/","title":{"rendered":"Who am I?"},"content":{"rendered":"<p style=\"text-align: center;\"><style type=\"text\/css\">.easingslider-90 { width: 100%; }.easingslider-90 .easingslider-image { max-height: 350px; max-width: 800px; }.easingslider-90 .easingslider-fade-in, .easingslider-fade-out { -webkit-animation-duration: 1000ms; -moz-animation-duration: 1000ms; animation-duration: 1000ms; }<\/style><script type=\"text\/javascript\">window.EasingSlider90 = {\"width\":800,\"height\":350,\"singleItem\":true,\"items\":1,\"itemsDesktop\":false,\"itemsDesktopSmall\":false,\"itemsTablet\":false,\"itemsTabletSmall\":false,\"itemsMobile\":false,\"responsive\":true,\"lazyLoad\":true,\"autoPlay\":4000,\"slideSpeed\":1000,\"navigation\":false,\"navigationText\":[\"\",\"\"],\"pagination\":false,\"autoHeight\":false,\"mouseDrag\":false,\"touchDrag\":false,\"addClassActive\":true,\"transitionStyle\":\"fade\"};<\/script><div data-id=\"90\" class=\"easingslider easingslider-90 easingslider-container easingslider-full-width easingslider-resizing-enabled easingslider-aspect-ratio\"><div class=\"easingslider-slide\"><img src=\"http:\/\/thesoleandthesky.com\/en\/wp-content\/plugins\/easing-slider\/assets\/images\/placeholder-pixel.png\" data-src=\"http:\/\/thesoleandthesky.com\/en\/wp-content\/uploads\/2016\/09\/image14-800x350.jpeg\" alt=\"\" title=\"\" class=\"easingslider-image easingslider-lazy\" \/><\/div><div class=\"easingslider-slide\"><img src=\"http:\/\/thesoleandthesky.com\/en\/wp-content\/plugins\/easing-slider\/assets\/images\/placeholder-pixel.png\" data-src=\"http:\/\/thesoleandthesky.com\/en\/wp-content\/uploads\/2016\/09\/image15-800x350.jpeg\" alt=\"\" title=\"\" class=\"easingslider-image easingslider-lazy\" \/><\/div><div class=\"easingslider-slide\"><img src=\"http:\/\/thesoleandthesky.com\/en\/wp-content\/plugins\/easing-slider\/assets\/images\/placeholder-pixel.png\" data-src=\"http:\/\/thesoleandthesky.com\/en\/wp-content\/uploads\/2016\/09\/3a9b178d055d41b05ba75490ec7d9dec_large-800x350.jpeg\" alt=\"\" title=\"\" class=\"easingslider-image easingslider-lazy\" \/><\/div><\/div><\/p>\n<blockquote>\n<h4>\u00ab\u00a0Do not stare at the road, follow it to its end.\u00a0\u00bb<\/h4>\n<p style=\"text-align: right;\"><em>Fernando Pessoa<\/em><\/p>\n<\/blockquote>\n<p><img loading=\"lazy\" class=\"alignright wp-image-81 size-medium\" src=\"http:\/\/thesoleandthesky.com\/en\/wp-content\/uploads\/2016\/09\/image16-297x300.jpeg\" alt=\"Close up of physiotherapist giving a patient a foot massage treatment\" width=\"297\" height=\"300\" srcset=\"http:\/\/thesoleandthesky.com\/en\/wp-content\/uploads\/2016\/09\/image16-297x300.jpeg 297w, http:\/\/thesoleandthesky.com\/en\/wp-content\/uploads\/2016\/09\/image16.jpeg 500w\" sizes=\"(max-width: 297px) 100vw, 297px\" \/><\/p>\n<p style=\"text-align: justify;\">I have always been, as far as I can remember, invested in understanding people, and sharing, and participating in mutual helping relashionships. My life course led me to be a social worker for 12 years, first in France, near Paris, next in Paris, and then in Dakar, Senegal.<br \/>\n<span style=\"color: #ffffff;\">.r<\/span><\/p>\n<p style=\"text-align: justify;\">My journey inside, as much as the one outside, is an endless quest. This quest has led me\u00a0to reflexology, which I would now like to share with you. Through my experiences, encounters, and research, my interest in alternative, natural, and holistic therapies has emerged.<\/p>\n<p style=\"text-align: justify;\"><span style=\"color: #ffffff;\">.r<\/span><\/p>\n<p style=\"text-align: justify;\">Reflexology is another way for me to meet, accompany, and help people, with\u00a0benevolence, confidence, and respect for others, in all aspects and dimensions.<\/p>\n<p style=\"text-align: justify;\"><img loading=\"lazy\" class=\"aligncenter wp-image-286 size-large\" src=\"http:\/\/thesoleandthesky.com\/en\/wp-content\/uploads\/2021\/11\/Reflexologie-Dakar-13-1-1024x803.jpg\" alt=\"\" width=\"1024\" height=\"803\" srcset=\"http:\/\/thesoleandthesky.com\/en\/wp-content\/uploads\/2021\/11\/Reflexologie-Dakar-13-1-1024x803.jpg 1024w, http:\/\/thesoleandthesky.com\/en\/wp-content\/uploads\/2021\/11\/Reflexologie-Dakar-13-1-300x235.jpg 300w, http:\/\/thesoleandthesky.com\/en\/wp-content\/uploads\/2021\/11\/Reflexologie-Dakar-13-1-768x602.jpg 768w, http:\/\/thesoleandthesky.com\/en\/wp-content\/uploads\/2021\/11\/Reflexologie-Dakar-13-1-1536x1204.jpg 1536w, http:\/\/thesoleandthesky.com\/en\/wp-content\/uploads\/2021\/11\/Reflexologie-Dakar-13-1-2048x1606.jpg 2048w, http:\/\/thesoleandthesky.com\/en\/wp-content\/uploads\/2021\/11\/Reflexologie-Dakar-13-1-672x527.jpg 672w\" sizes=\"(max-width: 1024px) 100vw, 1024px\" \/><\/p>\n<blockquote>\n<h4><strong><span style=\"color: #7ea57b;\">My\u00a0journey<\/span><\/strong><\/h4>\n<\/blockquote>\n<ul style=\"text-align: justify;\">\n<li>University studies\u00a0in\u00a0Sciences of Education at the University of Paris XII<\/li>\n<li>Training and diploma as a social worker at the Piti\u00e9-Salp\u00eatri\u00e8re Hospital of Paris<\/li>\n<li>Social worker in France then in Senegal<\/li>\n<li>Training and certification in foot reflexology\u00a0at the\u00a0<a href=\"http:\/\/baltimoreschoolofreflexology.com\/\" target=\"_blank\" rel=\"noopener\">Baltimore School of Reflexology<\/a> (USA)<\/li>\n<li>Training and certification in hand reflexology\u00a0at the\u00a0<a href=\"http:\/\/baltimoreschoolofreflexology.com\/\" target=\"_blank\" rel=\"noopener\">Baltimore School of Reflexology<\/a> (USA)<\/li>\n<li>Certification from the American Reflexology Certification Board &#8211; <a href=\"http:\/\/arcb.net\/\" target=\"_blank\" rel=\"noopener\">ARCB <span style=\"color: #000000;\">(USA)<\/span><\/a><\/li>\n<\/ul>\n<p><img loading=\"lazy\" class=\"aligncenter size-thumbnail wp-image-239\" src=\"http:\/\/thesoleandthesky.com\/en\/wp-content\/uploads\/2018\/10\/ARCB_logo-150x150.png\" alt=\"ARCB_logo\" width=\"150\" height=\"150\" srcset=\"http:\/\/thesoleandthesky.com\/en\/wp-content\/uploads\/2018\/10\/ARCB_logo-150x150.png 150w, http:\/\/thesoleandthesky.com\/en\/wp-content\/uploads\/2018\/10\/ARCB_logo-75x75.png 75w\" sizes=\"(max-width: 150px) 100vw, 150px\" \/><\/p>\n","protected":false},"excerpt":{"rendered":"<p>\u00ab\u00a0Do not stare at the road, follow it to its end.\u00a0\u00bb Fernando Pessoa I have always been, as far as I can remember, invested in understanding people, and sharing, and participating in mutual helping relashionships. My life course led me to be a social worker for 12 years, first in France, near Paris, next in [&hellip;]<\/p>\n","protected":false},"author":1,"featured_media":0,"parent":0,"menu_order":0,"comment_status":"closed","ping_status":"closed","template":"","meta":[],"_links":{"self":[{"href":"http:\/\/thesoleandthesky.com\/en\/wp-json\/wp\/v2\/pages\/14"}],"collection":[{"href":"http:\/\/thesoleandthesky.com\/en\/wp-json\/wp\/v2\/pages"}],"about":[{"href":"http:\/\/thesoleandthesky.com\/en\/wp-json\/wp\/v2\/types\/page"}],"author":[{"embeddable":true,"href":"http:\/\/thesoleandthesky.com\/en\/wp-json\/wp\/v2\/users\/1"}],"replies":[{"embeddable":true,"href":"http:\/\/thesoleandthesky.com\/en\/wp-json\/wp\/v2\/comments?post=14"}],"version-history":[{"count":31,"href":"http:\/\/thesoleandthesky.com\/en\/wp-json\/wp\/v2\/pages\/14\/revisions"}],"predecessor-version":[{"id":287,"href":"http:\/\/thesoleandthesky.com\/en\/wp-json\/wp\/v2\/pages\/14\/revisions\/287"}],"wp:attachment":[{"href":"http:\/\/thesoleandthesky.com\/en\/wp-json\/wp\/v2\/media?parent=14"}],"curies":[{"name":"wp","href":"https:\/\/api.w.org\/{rel}","templated":true}]}}